{"id":177,"date":"2024-12-15T17:59:04","date_gmt":"2024-12-15T16:59:04","guid":{"rendered":"https:\/\/www.lesgitesdewargemont.fr\/?page_id=177"},"modified":"2026-03-28T12:45:22","modified_gmt":"2026-03-28T11:45:22","slug":"nous-contacter","status":"publish","type":"page","link":"https:\/\/www.lesgitesdewargemont.fr\/index.php\/nous-contacter\/","title":{"rendered":"Nous Contacter"},"content":{"rendered":"\n<p>Les g\u00eetes de Wargemont<\/p>\n\n\n\n<p>1, Rue Monique &#8211; 76370 Petit-Caux<\/p>\n\n\n\n<p><\/p>\n\n\n\n<p>T\u00e9l: (+33)6-37-08-34-21<\/p>\n\n\n\n<p>Mail: lesgitesdewargemont@gmail.com<\/p>\n\n\n\n<p><\/p>\n\n\n<div style=\"height:400pxpx;\" class=\"wp-block-themeisle-blocks-leaflet-map\" id=\"wp-block-themeisle-blocks-leaflet-map-6398da6e\"><\/div>\n<script type=\"text\/javascript\">\n\t\/* <![CDATA[ *\/\n\t\tif ( ! window.themeisleLeafletMaps ) window.themeisleLeafletMaps =[];\n\t\twindow.themeisleLeafletMaps.push( { container: \"wp-block-themeisle-blocks-leaflet-map-6398da6e\", attributes: {\"id\":\"wp-block-themeisle-blocks-leaflet-map-6398da6e\",\"latitude\":\"49.93473877483669\",\"longitude\":\"1.19626522064209\",\"bbox\":\"1.1946022510528567,49.934048197911004,1.1979281902313235,49.93542934186593\",\"zoom\":18,\"location\":\"La Sagrada Familia, Barcelona, Spain\",\"height\":\"400px\",\"markers\":[],\"zoomControl\":true,\"draggable\":true,\"hasCustomCSS\":false,\"customCSS\":\"\",\"otterConditions\":[]} } );\n\t\/* ]]> *\/\n<\/script>\n\n\n\n<p>Nos coordonn\u00e9es GPS :<\/p>\n\n\n\n<p>49.934804, 1.196568 <\/p>\n\n\n\n<p>N 49\u00b056&rsquo;06.57&prime;&nbsp;E 1\u00b011&rsquo;47.68&prime;<\/p>\n","protected":false},"excerpt":{"rendered":"<p>Les g\u00eetes de Wargemont 1, Rue Monique &#8211; 76370 Petit-Caux T\u00e9l: (+33)6-37-08-34-21 Mail: lesgitesdewargemont@gmail.com Nos coordonn\u00e9es GPS : 49.934804, 1.196568 N 49\u00b056&rsquo;06.57&prime;&nbsp;E 1\u00b011&rsquo;47.68&prime;<\/p>\n","protected":false},"author":2,"featured_media":0,"parent":0,"menu_order":8,"comment_status":"closed","ping_status":"closed","template":"","meta":{"_themeisle_gutenberg_block_has_review":false,"footnotes":""},"class_list":["post-177","page","type-page","status-publish","hentry"],"_links":{"self":[{"href":"https:\/\/www.lesgitesdewargemont.fr\/index.php\/wp-json\/wp\/v2\/pages\/177","targetHints":{"allow":["GET"]}}],"collection":[{"href":"https:\/\/www.lesgitesdewargemont.fr\/index.php\/wp-json\/wp\/v2\/pages"}],"about":[{"href":"https:\/\/www.lesgitesdewargemont.fr\/index.php\/wp-json\/wp\/v2\/types\/page"}],"author":[{"embeddable":true,"href":"https:\/\/www.lesgitesdewargemont.fr\/index.php\/wp-json\/wp\/v2\/users\/2"}],"replies":[{"embeddable":true,"href":"https:\/\/www.lesgitesdewargemont.fr\/index.php\/wp-json\/wp\/v2\/comments?post=177"}],"version-history":[{"count":9,"href":"https:\/\/www.lesgitesdewargemont.fr\/index.php\/wp-json\/wp\/v2\/pages\/177\/revisions"}],"predecessor-version":[{"id":294,"href":"https:\/\/www.lesgitesdewargemont.fr\/index.php\/wp-json\/wp\/v2\/pages\/177\/revisions\/294"}],"wp:attachment":[{"href":"https:\/\/www.lesgitesdewargemont.fr\/index.php\/wp-json\/wp\/v2\/media?parent=177"}],"curies":[{"name":"wp","href":"https:\/\/api.w.org\/{rel}","templated":true}]}}