{"id":210,"date":"2024-12-20T11:11:05","date_gmt":"2024-12-20T10:11:05","guid":{"rendered":"https:\/\/www.lesgitesdewargemont.fr\/?page_id=210"},"modified":"2026-03-28T12:45:22","modified_gmt":"2026-03-28T11:45:22","slug":"a-proximite","status":"publish","type":"page","link":"https:\/\/www.lesgitesdewargemont.fr\/index.php\/a-proximite\/","title":{"rendered":"A proximit\u00e9"},"content":{"rendered":"\n<p>Randonn\u00e9es possibles au d\u00e9part du G\u00eete&#8230;<\/p>\n\n\n\n<p><strong>A 5 minutes en voiture \/ ou de 10 \u00e0 20 min \u00e0 v\u00e9lo !<\/strong><\/p>\n\n\n\n<p>La PLAGE de Berneval le Grand \/ Saint Martin Plage (grande plage de sable \u00e0 mar\u00e9e basse) (Plage de Kite-Surf)<\/p>\n\n\n\n<p>Commerces : Boulangerie-Patisserie, boucherie, \u00e9picerie, maraicher, bureau de poste, caf\u00e9-restaurant, tabac, fleuriste, garagiste&#8230;<\/p>\n\n\n\n<p>Magasin de produits locaux et artisanaux&nbsp;<a href=\"http:\/\/www.lafermedevosenvies.fr\">http:\/\/www.lafermedevosenvies.fr<\/a><\/p>\n\n\n\n<p>Cabinet m\u00e9dical et pharmacie.<\/p>\n\n\n\n<p>Centre Aquatique et Patinoire \u00ab\u00a0Ludi&rsquo;bulle\u00a0\u00bb \u00a0<a href=\"https:\/\/www.vert-marine.com\/ludibulle\/\" target=\"_blank\" rel=\"noreferrer noopener\">https:\/\/www.vert-marine.com\/ludibulle\/<\/a><\/p>\n\n\n\n<p>Cabinet d&rsquo;esth\u00e9tique&nbsp;<a href=\"https:\/\/app.kiute.com\/le-fare-beaute\/home\" target=\"_blank\" rel=\"noreferrer noopener\">https:\/\/app.kiute.com\/le-fare-beaute\/home<\/a><\/p>\n\n\n\n<p><strong>A 15 minutes en voiture<\/strong><\/p>\n\n\n\n<p>Ports de p\u00eache et de plaisance de Dieppe<\/p>\n\n\n\n<p>Centre ville de Dieppe &nbsp;<a href=\"https:\/\/www.dieppetourisme.com\">https:\/\/www.dieppetourisme.com<\/a><\/p>\n\n\n\n<p>Centre Aquatique et Spa Marin \u00ab\u00a0Les Bains\u00a0\u00bb&nbsp;<a href=\"https:\/\/lesbainsdedieppe.fr\">https:\/\/lesbainsdedieppe.fr<\/a><\/p>\n\n\n\n<p>Golf de Dieppe&nbsp;<a href=\"https:\/\/golf-dieppe-normandie.com\">https:\/\/golf-dieppe-normandie.com<\/a><\/p>\n\n\n\n<p>Hippodrome, Centres commerciaux<\/p>\n\n\n\n<p>Cin\u00e9mas Grand Forum&nbsp;<a href=\"https:\/\/dieppe.cinemagrandforum.com\">https:\/\/dieppe.cinemagrandforum.com<\/a><\/p>\n\n\n\n<p>Sc\u00e8ne Nationale&nbsp;<a href=\"https:\/\/www.dsn.asso.fr\">https:\/\/www.dsn.asso.fr<\/a><\/p>\n\n\n\n<p><strong>Visites touristiques<\/strong><\/p>\n\n\n\n<p>Sur la route de la Baie de Somme&#8230;<\/p>\n\n\n\n<p>Le Tr\u00e9port&nbsp;<em>(20min)<\/em>, Mers les Bains&nbsp;<em>(30min)<\/em>, Cayeux\/Mer&nbsp;<em>(45min)<\/em><\/p>\n\n\n\n<p><a href=\"https:\/\/www.villes-soeurs.fr\">https:\/\/www.villes-soeurs.fr<\/a><\/p>\n\n\n\n<p>Saint Val\u00e9ry sur Somme&nbsp;<em>(50min)<\/em>&nbsp;&#8211; Le Crotoy&nbsp;<em>(60min)<\/em><\/p>\n\n\n\n<p><a href=\"https:\/\/www.lesgitesdewargemont.fr\" target=\"_blank\">www.tourisme-baiedesomme.fr<\/a><\/p>\n\n\n\n<p>A faire : Char \u00e0 voile sur les grandes plages de sables<\/p>\n\n\n\n<p>A visiter : Le Parc du Marquent\u00e8re et ses milliers d&rsquo;oiseaux&nbsp;<a href=\"https:\/\/www.somme-tourisme.com\/la-baie-de-somme\/le-marquenterre-escale-des-oiseaux\">https:\/\/www.somme-tourisme.com\/la-baie-de-somme\/le-marquenterre-escale-des-oiseaux<\/a><\/p>\n\n\n\n<p>Sur la route d&rsquo;Etretat et ses falaises mondialement connues&nbsp;<em>(1h30)<\/em><\/p>\n\n\n\n<p><a href=\"https:\/\/www.normandie-tourisme.fr\/les-incontournables\/etretat\">https:\/\/www.normandie-tourisme.fr\/les-incontournables\/etretat<\/a><\/p>\n\n\n\n<p>Pourville\/mer&nbsp;<em>(20min)<\/em>, Varengeville\/Mer&nbsp;<em>(30min)<\/em>, Quiberville\/Mer (plages o\u00f9 se pratique le surf&#8230;), Veules les Roses&nbsp;<em>(40min)<\/em>.<\/p>\n\n\n\n<p><a href=\"https:\/\/www.normandie-tourisme.fr\/les-incontournables\/plus-beaux-villages-de-france-en-normandie\/veules-les-roses\">https:\/\/www.normandie-tourisme.fr\/les-incontournables\/plus-beaux-villages-de-france-en-normandie\/veules-les-roses<\/a><\/p>\n\n\n\n<p><\/p>\n\n\n\n<p>A visiter :&nbsp;Les jardins remarquables de Varengeville\/mer<\/p>\n\n\n\n<p><a href=\"https:\/\/www.dieppetourisme.com\/decouvrir\/prendre-lair\/decouverte-des-villages-typiques\/varengeville\">https:\/\/www.dieppetourisme.com\/decouvrir\/prendre-lair\/decouverte-des-villages-typiques\/varengeville<\/a><\/p>\n\n\n\n<p>Parc et Jardins du bois des moutiers&nbsp;<a href=\"http:\/\/boisdesmoutiers.com\">http:\/\/boisdesmoutiers.com<\/a><\/p>\n\n\n\n<p>Le Jardin de Vasterival&nbsp;<a href=\"https:\/\/www.varengeville-sur-mer.fr\/le-vasterival-jardin\/\">https:\/\/www.varengeville-sur-mer.fr\/le-vasterival-jardin\/<\/a><\/p>\n\n\n\n<p>Le Jardin Shamrock&nbsp;<a href=\"https:\/\/www.normandie-tourisme.fr\/sites-lieux-de-visites\/jardin-shamrock\/\">https:\/\/www.normandie-tourisme.fr\/sites-lieux-de-visites\/jardin-shamrock\/<\/a><\/p>\n\n\n\n<p><strong>Le GR21<\/strong><\/p>\n\n\n\n<p>Le sentier de grande randonn\u00e9e 21 ( GR21 ) traverse le d\u00e9partement de la Seine-Maritime (76) en Normandie.<\/p>\n\n\n\n<p>Du Tr\u00e9port \u00e0 \u00c9tretat, il longe la C\u00f4te d\u2019Alb\u00e2tre, ensuite il rentre dans les terres pour rejoindre Le Havre. Il se divise en deux parties : du Havre \u00e0 Veulettes-sur-Mer (92 km) et de Veullettes-sur-Mer au Tr\u00e9port (87 km), soit&nbsp;<strong>179<\/strong>&nbsp;km au total (environ 9 jours au rythme de 20 km par jour).<\/p>\n\n\n\n<p>Les paysages sont tr\u00e8s diversifi\u00e9s, alternant entre la c\u00f4te sauvage, avec ses superbes falaises de calcaire, ses plages de galets, ses ports, et l\u2019int\u00e9rieur des terres cultiv\u00e9es o\u00f9 se c\u00f4toient de belles demeures, les for\u00eats de h\u00eatres, les p\u00e2tures avec leurs vaches normandes et les cultures typiques du Pays de Caux comme le lin, les c\u00e9r\u00e9ales ou les pommes de terre.<\/p>\n\n\n\n<p><strong>L&rsquo;Avenue Verte<\/strong><\/p>\n\n\n\n<p><a href=\"https:\/\/www.avenuevertelondonparis.com\/itineraire\/forges-les-eaux-dieppe\">https:\/\/www.avenuevertelondonparis.com\/itineraire\/forges-les-eaux-dieppe<\/a><\/p>\n","protected":false},"excerpt":{"rendered":"<p>Randonn\u00e9es possibles au d\u00e9part du G\u00eete&#8230; A 5 minutes en voiture \/ ou de 10 \u00e0 20 min \u00e0 v\u00e9lo ! La PLAGE de Berneval le Grand \/ Saint Martin Plage (grande plage de sable \u00e0 mar\u00e9e basse) (Plage de Kite-Surf) Commerces : Boulangerie-Patisserie, boucherie, \u00e9picerie, maraicher, bureau de poste, caf\u00e9-restaurant, tabac, fleuriste, garagiste&#8230; Magasin [&hellip;]<\/p>\n","protected":false},"author":3,"featured_media":0,"parent":0,"menu_order":9,"comment_status":"closed","ping_status":"closed","template":"","meta":{"_themeisle_gutenberg_block_has_review":false,"footnotes":""},"class_list":["post-210","page","type-page","status-publish","hentry"],"_links":{"self":[{"href":"https:\/\/www.lesgitesdewargemont.fr\/index.php\/wp-json\/wp\/v2\/pages\/210","targetHints":{"allow":["GET"]}}],"collection":[{"href":"https:\/\/www.lesgitesdewargemont.fr\/index.php\/wp-json\/wp\/v2\/pages"}],"about":[{"href":"https:\/\/www.lesgitesdewargemont.fr\/index.php\/wp-json\/wp\/v2\/types\/page"}],"author":[{"embeddable":true,"href":"https:\/\/www.lesgitesdewargemont.fr\/index.php\/wp-json\/wp\/v2\/users\/3"}],"replies":[{"embeddable":true,"href":"https:\/\/www.lesgitesdewargemont.fr\/index.php\/wp-json\/wp\/v2\/comments?post=210"}],"version-history":[{"count":5,"href":"https:\/\/www.lesgitesdewargemont.fr\/index.php\/wp-json\/wp\/v2\/pages\/210\/revisions"}],"predecessor-version":[{"id":241,"href":"https:\/\/www.lesgitesdewargemont.fr\/index.php\/wp-json\/wp\/v2\/pages\/210\/revisions\/241"}],"wp:attachment":[{"href":"https:\/\/www.lesgitesdewargemont.fr\/index.php\/wp-json\/wp\/v2\/media?parent=210"}],"curies":[{"name":"wp","href":"https:\/\/api.w.org\/{rel}","templated":true}]}}