{"id":305,"date":"2026-03-25T08:38:31","date_gmt":"2026-03-25T07:38:31","guid":{"rendered":"https:\/\/www.lesgitesdewargemont.fr\/?page_id=305"},"modified":"2026-03-25T08:57:33","modified_gmt":"2026-03-25T07:57:33","slug":"le-gite-lecurie","status":"publish","type":"page","link":"https:\/\/www.lesgitesdewargemont.fr\/index.php\/le-gite-lecurie\/","title":{"rendered":"Le G\u00eete \u00ab\u00a0L&rsquo;Ecurie\u00a0\u00bb"},"content":{"rendered":"\n<h1 class=\"wp-block-heading\"><\/h1>\n\n\n\n<p>Les g\u00eetes de Wargemont sont situ\u00e9s dans une ancienne ferme du Ch\u00e2teau datant du 18e si\u00e8cle dans un cadre charmant, au c\u0153ur d\u2019un clos masure typique de la Normandie.<br>Laisser vous tenter par une exp\u00e9rience dans ce magnifique lieu entour\u00e9 de vergers, de h\u00eatres et ch\u00eanes centenaires. Vous pourrez croiser les animaux des propri\u00e9taires (moutons, ch\u00e8vres, poules) et peut \u00eatre observer leurs abeilles butiner et gouter leur d\u00e9licieux miel. Un soin particulier a \u00e9t\u00e9 apport\u00e9 \u00e0 la d\u00e9coration alliant modernit\u00e9 et cachet de l\u2019ancien dans un esprit \u00e9cologique affirm\u00e9. Les premiers commerces sont situ\u00e9s \u00e0 2km (Berneval) et une plage de sable est accessible \u00e0 3 km (St Martin en Campagne). Les draps (lits faits), le linge (serviettes et torchons) et le chauffage sont inclus pour votre confort. Possibilit\u00e9 arriv\u00e9e autonome (bo\u00eete \u00e0 cl\u00e9s).<\/p>\n\n\n\n<p>REZ de CHAUSS\u00c9E<\/p>\n\n\n\n<ul class=\"wp-block-list\">\n<li>Entr\u00e9e donnant sur une pi\u00e8ce de vie avec cuisine ouverte sur salon,<\/li>\n\n\n\n<li>Salon avec une banquette, pouvant servir de lit une personne et TV \u00e9cran plat et enceinte Bluetooth,<\/li>\n\n\n\n<li>Cuisine ouverte enti\u00e8rement \u00e9quip\u00e9e : lave-vaisselle, plaques induction, r\u00e9frig\u00e9rateur, grille pain, cafeti\u00e8re, cafeti\u00e8re \u00e0 piston.<\/li>\n<\/ul>\n\n\n\n<p>\u00c9TAGE<\/p>\n\n\n\n<p><\/p>\n\n\n\n<ul class=\"wp-block-list\">\n<li>Une salle d\u2019eau avec grande douche cabine, s\u00e8che-cheveux et s\u00e8che serviettes \u00e9lectriques,<\/li>\n\n\n\n<li>Une chambre 2 personnes avec lit 160x200cm, espace lecture avec fauteuil,<\/li>\n\n\n\n<li>WC dans la salle de bain,<\/li>\n\n\n\n<li>Vous pourrez profiter sur place de deux ext\u00e9rieurs : une terrasse avec acc\u00e8s au Parc arbor\u00e9.<\/li>\n\n\n\n<li>Buanderie \u00e0 disposition avec lave-linge. Local s\u00e9curis\u00e9 pour v\u00e9los et poussettes. Mat\u00e9riel b\u00e9b\u00e9 sur demande.<\/li>\n\n\n\n<li>Transats et barbecue \u00e0 disposition. Table de Ping-pong.<\/li>\n<\/ul>\n\n\n\n<figure class=\"wp-block-image size-large\"><img loading=\"lazy\" decoding=\"async\" width=\"1024\" height=\"768\" src=\"https:\/\/www.lesgitesdewargemont.fr\/wp-content\/uploads\/2026\/03\/IMG_20251002_081322-1024x768.jpg\" alt=\"\" class=\"wp-image-310\" srcset=\"https:\/\/www.lesgitesdewargemont.fr\/wp-content\/uploads\/2026\/03\/IMG_20251002_081322-1024x768.jpg 1024w, https:\/\/www.lesgitesdewargemont.fr\/wp-content\/uploads\/2026\/03\/IMG_20251002_081322-300x225.jpg 300w, https:\/\/www.lesgitesdewargemont.fr\/wp-content\/uploads\/2026\/03\/IMG_20251002_081322-768x576.jpg 768w, https:\/\/www.lesgitesdewargemont.fr\/wp-content\/uploads\/2026\/03\/IMG_20251002_081322-1536x1152.jpg 1536w, https:\/\/www.lesgitesdewargemont.fr\/wp-content\/uploads\/2026\/03\/IMG_20251002_081322-2048x1536.jpg 2048w\" sizes=\"auto, (max-width: 1024px) 100vw, 1024px\" \/><\/figure>\n\n\n\n<figure class=\"wp-block-image size-large\"><img loading=\"lazy\" decoding=\"async\" width=\"1024\" height=\"768\" src=\"https:\/\/www.lesgitesdewargemont.fr\/wp-content\/uploads\/2026\/03\/IMG_20260218_100605-1024x768.jpg\" alt=\"\" class=\"wp-image-323\" srcset=\"https:\/\/www.lesgitesdewargemont.fr\/wp-content\/uploads\/2026\/03\/IMG_20260218_100605-1024x768.jpg 1024w, https:\/\/www.lesgitesdewargemont.fr\/wp-content\/uploads\/2026\/03\/IMG_20260218_100605-300x225.jpg 300w, https:\/\/www.lesgitesdewargemont.fr\/wp-content\/uploads\/2026\/03\/IMG_20260218_100605-768x576.jpg 768w, https:\/\/www.lesgitesdewargemont.fr\/wp-content\/uploads\/2026\/03\/IMG_20260218_100605-1536x1152.jpg 1536w, https:\/\/www.lesgitesdewargemont.fr\/wp-content\/uploads\/2026\/03\/IMG_20260218_100605-2048x1536.jpg 2048w\" sizes=\"auto, (max-width: 1024px) 100vw, 1024px\" \/><\/figure>\n\n\n\n<figure class=\"wp-block-gallery has-nested-images columns-default is-cropped wp-block-gallery-1 is-layout-flex wp-block-gallery-is-layout-flex\">\n<figure class=\"wp-block-image size-large\"><img loading=\"lazy\" decoding=\"async\" width=\"1024\" height=\"836\" data-id=\"324\" src=\"https:\/\/www.lesgitesdewargemont.fr\/wp-content\/uploads\/2026\/03\/IMG_20260218_093128-1-1024x836.jpg\" alt=\"\" class=\"wp-image-324\" srcset=\"https:\/\/www.lesgitesdewargemont.fr\/wp-content\/uploads\/2026\/03\/IMG_20260218_093128-1-1024x836.jpg 1024w, https:\/\/www.lesgitesdewargemont.fr\/wp-content\/uploads\/2026\/03\/IMG_20260218_093128-1-300x245.jpg 300w, https:\/\/www.lesgitesdewargemont.fr\/wp-content\/uploads\/2026\/03\/IMG_20260218_093128-1-768x627.jpg 768w, https:\/\/www.lesgitesdewargemont.fr\/wp-content\/uploads\/2026\/03\/IMG_20260218_093128-1-1536x1254.jpg 1536w, https:\/\/www.lesgitesdewargemont.fr\/wp-content\/uploads\/2026\/03\/IMG_20260218_093128-1.jpg 1662w\" sizes=\"auto, (max-width: 1024px) 100vw, 1024px\" \/><\/figure>\n<\/figure>\n\n\n\n<figure class=\"wp-block-gallery has-nested-images columns-default is-cropped wp-block-gallery-2 is-layout-flex wp-block-gallery-is-layout-flex\">\n<figure class=\"wp-block-image size-large\"><img loading=\"lazy\" decoding=\"async\" width=\"1024\" height=\"768\" data-id=\"325\" src=\"https:\/\/www.lesgitesdewargemont.fr\/wp-content\/uploads\/2026\/03\/IMG_20260218_093327-1-1024x768.jpg\" alt=\"\" class=\"wp-image-325\" srcset=\"https:\/\/www.lesgitesdewargemont.fr\/wp-content\/uploads\/2026\/03\/IMG_20260218_093327-1-1024x768.jpg 1024w, https:\/\/www.lesgitesdewargemont.fr\/wp-content\/uploads\/2026\/03\/IMG_20260218_093327-1-300x225.jpg 300w, https:\/\/www.lesgitesdewargemont.fr\/wp-content\/uploads\/2026\/03\/IMG_20260218_093327-1-768x576.jpg 768w, https:\/\/www.lesgitesdewargemont.fr\/wp-content\/uploads\/2026\/03\/IMG_20260218_093327-1-1536x1152.jpg 1536w, https:\/\/www.lesgitesdewargemont.fr\/wp-content\/uploads\/2026\/03\/IMG_20260218_093327-1-2048x1536.jpg 2048w\" sizes=\"auto, (max-width: 1024px) 100vw, 1024px\" \/><\/figure>\n<\/figure>\n\n\n\n<figure class=\"wp-block-image size-large\"><img loading=\"lazy\" decoding=\"async\" width=\"1024\" height=\"768\" src=\"https:\/\/www.lesgitesdewargemont.fr\/wp-content\/uploads\/2026\/03\/IMG_20251001_120125-1-1024x768.jpg\" alt=\"\" class=\"wp-image-326\" srcset=\"https:\/\/www.lesgitesdewargemont.fr\/wp-content\/uploads\/2026\/03\/IMG_20251001_120125-1-1024x768.jpg 1024w, https:\/\/www.lesgitesdewargemont.fr\/wp-content\/uploads\/2026\/03\/IMG_20251001_120125-1-300x225.jpg 300w, https:\/\/www.lesgitesdewargemont.fr\/wp-content\/uploads\/2026\/03\/IMG_20251001_120125-1-768x576.jpg 768w, https:\/\/www.lesgitesdewargemont.fr\/wp-content\/uploads\/2026\/03\/IMG_20251001_120125-1-1536x1152.jpg 1536w, https:\/\/www.lesgitesdewargemont.fr\/wp-content\/uploads\/2026\/03\/IMG_20251001_120125-1-2048x1536.jpg 2048w\" sizes=\"auto, (max-width: 1024px) 100vw, 1024px\" \/><\/figure>\n\n\n\n<figure class=\"wp-block-image size-large\"><img loading=\"lazy\" decoding=\"async\" width=\"1024\" height=\"768\" src=\"https:\/\/www.lesgitesdewargemont.fr\/wp-content\/uploads\/2026\/03\/IMG_20260218_100418-1-1024x768.jpg\" alt=\"\" class=\"wp-image-327\" srcset=\"https:\/\/www.lesgitesdewargemont.fr\/wp-content\/uploads\/2026\/03\/IMG_20260218_100418-1-1024x768.jpg 1024w, https:\/\/www.lesgitesdewargemont.fr\/wp-content\/uploads\/2026\/03\/IMG_20260218_100418-1-300x225.jpg 300w, https:\/\/www.lesgitesdewargemont.fr\/wp-content\/uploads\/2026\/03\/IMG_20260218_100418-1-768x576.jpg 768w, https:\/\/www.lesgitesdewargemont.fr\/wp-content\/uploads\/2026\/03\/IMG_20260218_100418-1-1536x1152.jpg 1536w, https:\/\/www.lesgitesdewargemont.fr\/wp-content\/uploads\/2026\/03\/IMG_20260218_100418-1-2048x1536.jpg 2048w\" sizes=\"auto, (max-width: 1024px) 100vw, 1024px\" \/><\/figure>\n\n\n\n<figure class=\"wp-block-image size-large\"><img loading=\"lazy\" decoding=\"async\" width=\"1024\" height=\"768\" src=\"https:\/\/www.lesgitesdewargemont.fr\/wp-content\/uploads\/2026\/03\/IMG_20251001_130015-1-1024x768.jpg\" alt=\"\" class=\"wp-image-328\" srcset=\"https:\/\/www.lesgitesdewargemont.fr\/wp-content\/uploads\/2026\/03\/IMG_20251001_130015-1-1024x768.jpg 1024w, https:\/\/www.lesgitesdewargemont.fr\/wp-content\/uploads\/2026\/03\/IMG_20251001_130015-1-300x225.jpg 300w, https:\/\/www.lesgitesdewargemont.fr\/wp-content\/uploads\/2026\/03\/IMG_20251001_130015-1-768x576.jpg 768w, https:\/\/www.lesgitesdewargemont.fr\/wp-content\/uploads\/2026\/03\/IMG_20251001_130015-1-1536x1152.jpg 1536w, https:\/\/www.lesgitesdewargemont.fr\/wp-content\/uploads\/2026\/03\/IMG_20251001_130015-1-2048x1536.jpg 2048w\" sizes=\"auto, (max-width: 1024px) 100vw, 1024px\" \/><\/figure>\n\n\n\n<figure class=\"wp-block-image size-large\"><img loading=\"lazy\" decoding=\"async\" width=\"768\" height=\"1024\" src=\"https:\/\/www.lesgitesdewargemont.fr\/wp-content\/uploads\/2026\/03\/IMG_20260218_092625-1-768x1024.jpg\" alt=\"\" class=\"wp-image-329\" srcset=\"https:\/\/www.lesgitesdewargemont.fr\/wp-content\/uploads\/2026\/03\/IMG_20260218_092625-1-768x1024.jpg 768w, https:\/\/www.lesgitesdewargemont.fr\/wp-content\/uploads\/2026\/03\/IMG_20260218_092625-1-225x300.jpg 225w, https:\/\/www.lesgitesdewargemont.fr\/wp-content\/uploads\/2026\/03\/IMG_20260218_092625-1-1152x1536.jpg 1152w, https:\/\/www.lesgitesdewargemont.fr\/wp-content\/uploads\/2026\/03\/IMG_20260218_092625-1-1536x2048.jpg 1536w, https:\/\/www.lesgitesdewargemont.fr\/wp-content\/uploads\/2026\/03\/IMG_20260218_092625-1-scaled.jpg 1920w\" sizes=\"auto, (max-width: 768px) 100vw, 768px\" \/><\/figure>\n\n\n\n<figure class=\"wp-block-image size-large\"><img loading=\"lazy\" decoding=\"async\" width=\"750\" height=\"1024\" src=\"https:\/\/www.lesgitesdewargemont.fr\/wp-content\/uploads\/2026\/03\/IMG_20260217_140730-1-750x1024.jpg\" alt=\"\" class=\"wp-image-330\" srcset=\"https:\/\/www.lesgitesdewargemont.fr\/wp-content\/uploads\/2026\/03\/IMG_20260217_140730-1-750x1024.jpg 750w, https:\/\/www.lesgitesdewargemont.fr\/wp-content\/uploads\/2026\/03\/IMG_20260217_140730-1-220x300.jpg 220w, https:\/\/www.lesgitesdewargemont.fr\/wp-content\/uploads\/2026\/03\/IMG_20260217_140730-1-768x1048.jpg 768w, https:\/\/www.lesgitesdewargemont.fr\/wp-content\/uploads\/2026\/03\/IMG_20260217_140730-1-1125x1536.jpg 1125w, https:\/\/www.lesgitesdewargemont.fr\/wp-content\/uploads\/2026\/03\/IMG_20260217_140730-1-1500x2048.jpg 1500w, https:\/\/www.lesgitesdewargemont.fr\/wp-content\/uploads\/2026\/03\/IMG_20260217_140730-1-scaled.jpg 1875w\" sizes=\"auto, (max-width: 750px) 100vw, 750px\" \/><\/figure>\n\n\n\n<figure class=\"wp-block-image size-large\"><img loading=\"lazy\" decoding=\"async\" width=\"768\" height=\"1024\" src=\"https:\/\/www.lesgitesdewargemont.fr\/wp-content\/uploads\/2026\/03\/IMG_20260213_115106-1-768x1024.jpg\" alt=\"\" class=\"wp-image-331\" srcset=\"https:\/\/www.lesgitesdewargemont.fr\/wp-content\/uploads\/2026\/03\/IMG_20260213_115106-1-768x1024.jpg 768w, https:\/\/www.lesgitesdewargemont.fr\/wp-content\/uploads\/2026\/03\/IMG_20260213_115106-1-225x300.jpg 225w, https:\/\/www.lesgitesdewargemont.fr\/wp-content\/uploads\/2026\/03\/IMG_20260213_115106-1-1152x1536.jpg 1152w, https:\/\/www.lesgitesdewargemont.fr\/wp-content\/uploads\/2026\/03\/IMG_20260213_115106-1-1536x2048.jpg 1536w, https:\/\/www.lesgitesdewargemont.fr\/wp-content\/uploads\/2026\/03\/IMG_20260213_115106-1-scaled.jpg 1920w\" sizes=\"auto, (max-width: 768px) 100vw, 768px\" \/><\/figure>\n\n\n\n<figure class=\"wp-block-image size-large\"><img loading=\"lazy\" decoding=\"async\" width=\"1024\" height=\"779\" src=\"https:\/\/www.lesgitesdewargemont.fr\/wp-content\/uploads\/2026\/03\/IMG_20251002_082020-1-1024x779.jpg\" alt=\"\" class=\"wp-image-332\" srcset=\"https:\/\/www.lesgitesdewargemont.fr\/wp-content\/uploads\/2026\/03\/IMG_20251002_082020-1-1024x779.jpg 1024w, https:\/\/www.lesgitesdewargemont.fr\/wp-content\/uploads\/2026\/03\/IMG_20251002_082020-1-300x228.jpg 300w, https:\/\/www.lesgitesdewargemont.fr\/wp-content\/uploads\/2026\/03\/IMG_20251002_082020-1-768x585.jpg 768w, https:\/\/www.lesgitesdewargemont.fr\/wp-content\/uploads\/2026\/03\/IMG_20251002_082020-1-1536x1169.jpg 1536w, https:\/\/www.lesgitesdewargemont.fr\/wp-content\/uploads\/2026\/03\/IMG_20251002_082020-1-2048x1559.jpg 2048w\" sizes=\"auto, (max-width: 1024px) 100vw, 1024px\" \/><\/figure>\n","protected":false},"excerpt":{"rendered":"<p>Les g\u00eetes de Wargemont sont situ\u00e9s dans une ancienne ferme du Ch\u00e2teau datant du 18e si\u00e8cle dans un cadre charmant, au c\u0153ur d\u2019un clos masure typique de la Normandie.Laisser vous tenter par une exp\u00e9rience dans ce magnifique lieu entour\u00e9 de vergers, de h\u00eatres et ch\u00eanes centenaires. Vous pourrez croiser les animaux des propri\u00e9taires (moutons, ch\u00e8vres, [&hellip;]<\/p>\n","protected":false},"author":2,"featured_media":0,"parent":0,"menu_order":3,"comment_status":"closed","ping_status":"closed","template":"","meta":{"_themeisle_gutenberg_block_has_review":false,"footnotes":""},"class_list":["post-305","page","type-page","status-publish","hentry"],"_links":{"self":[{"href":"https:\/\/www.lesgitesdewargemont.fr\/index.php\/wp-json\/wp\/v2\/pages\/305","targetHints":{"allow":["GET"]}}],"collection":[{"href":"https:\/\/www.lesgitesdewargemont.fr\/index.php\/wp-json\/wp\/v2\/pages"}],"about":[{"href":"https:\/\/www.lesgitesdewargemont.fr\/index.php\/wp-json\/wp\/v2\/types\/page"}],"author":[{"embeddable":true,"href":"https:\/\/www.lesgitesdewargemont.fr\/index.php\/wp-json\/wp\/v2\/users\/2"}],"replies":[{"embeddable":true,"href":"https:\/\/www.lesgitesdewargemont.fr\/index.php\/wp-json\/wp\/v2\/comments?post=305"}],"version-history":[{"count":4,"href":"https:\/\/www.lesgitesdewargemont.fr\/index.php\/wp-json\/wp\/v2\/pages\/305\/revisions"}],"predecessor-version":[{"id":335,"href":"https:\/\/www.lesgitesdewargemont.fr\/index.php\/wp-json\/wp\/v2\/pages\/305\/revisions\/335"}],"wp:attachment":[{"href":"https:\/\/www.lesgitesdewargemont.fr\/index.php\/wp-json\/wp\/v2\/media?parent=305"}],"curies":[{"name":"wp","href":"https:\/\/api.w.org\/{rel}","templated":true}]}}