{"id":60,"date":"2024-10-31T17:01:01","date_gmt":"2024-10-31T16:01:01","guid":{"rendered":"https:\/\/www.lesgitesdewargemont.fr\/?page_id=60"},"modified":"2024-12-20T08:58:39","modified_gmt":"2024-12-20T07:58:39","slug":"le-gite-letable","status":"publish","type":"page","link":"https:\/\/www.lesgitesdewargemont.fr\/index.php\/le-gite-letable\/","title":{"rendered":"Le g\u00eete \u00ab\u00a0L&rsquo;\u00c9table\u00a0\u00bb"},"content":{"rendered":"\n<div style=\"height:var(--wp--preset--spacing--50)\" aria-hidden=\"true\" class=\"wp-block-spacer\"><\/div>\n\n\n\n<div class=\"wp-block-group alignwide has-global-padding is-layout-constrained wp-block-group-is-layout-constrained\">\n<h1 class=\"wp-block-heading alignwide has-large-font-size\" style=\"line-height:1.2\">Les g\u00eetes de Wargemont sont situ\u00e9s dans une ancienne ferme du Ch\u00e2teau datant du 18e si\u00e8cle dans un cadre charmant, au c\u0153ur d&rsquo;un clos masure typique de la Normandie.<br>Laisser vous tenter par une exp\u00e9rience dans ce magnifique lieu entour\u00e9 de vergers, de h\u00eatres et ch\u00eanes centenaires. Vous pourrez croiser les animaux des propri\u00e9taires (moutons, ch\u00e8vres, poules) et peut \u00eatre observer leurs abeilles butiner et gouter leur d\u00e9licieux miel. Un soin particulier a \u00e9t\u00e9 apport\u00e9 \u00e0 la d\u00e9coration alliant modernit\u00e9 et cachet de l&rsquo;ancien dans un esprit \u00e9cologique affirm\u00e9. Les premiers commerces sont situ\u00e9s \u00e0 2km (Berneval) et une plage de sable est accessible \u00e0 3 km (St Martin en Campagne). Les draps (lits faits), le linge (serviettes et torchons) et le chauffage sont inclus pour votre confort. Possibilit\u00e9 arriv\u00e9e autonome (bo\u00eete \u00e0 cl\u00e9s).<\/h1>\n\n\n\n<p>REZ de CHAUSS\u00c9E<\/p>\n\n\n\n<ul class=\"wp-block-list\">\n<li>Entr\u00e9e donnant sur vaste pi\u00e8ce de vie lumineuse avec cuisine ouverte sur salon,<\/li>\n\n\n\n<li>Salon avec deux canap\u00e9s et TV \u00e9cran plat connect\u00e9e et enceinte Bluetooth,<\/li>\n\n\n\n<li>Cuisine ouverte enti\u00e8rement \u00e9quip\u00e9e : lave-vaisselle, plaques induction, frigo avec cong\u00e9lateur, grille pain, cafeti\u00e8re Nespresso, cafeti\u00e8re \u00e0 piston.<\/li>\n<\/ul>\n\n\n\n<p>\u00c9TAGE<\/p>\n\n\n\n<ul class=\"wp-block-list\">\n<li>Palier d&rsquo;acc\u00e8s aux chambres avec bureau et espace d\u00e9tente avec convertible pouvant servir de couchage d&rsquo;appoint,<\/li>\n\n\n\n<li>Une chambre 2 personnes avec 2 lits 90cmx200cm (rapprochables),<\/li>\n\n\n\n<li>Une salle d&rsquo;eau avec grande douche cabine, s\u00e8che-cheveux et s\u00e8che serviettes \u00e9lectriques,<\/li>\n\n\n\n<li>Une chambre 2 personnes avec lit 160x200cm,<\/li>\n\n\n\n<li>WC ind\u00e9pendant.<\/li>\n\n\n\n<li>Vous pourrez profiter sur place de deux ext\u00e9rieurs : une terrasse priv\u00e9e exposition Sud et une terrasse avec acc\u00e8s au Parc arbor\u00e9.<\/li>\n\n\n\n<li>Buanderie \u00e0 disposition avec lave-linge. Local s\u00e9curis\u00e9 pour v\u00e9los et poussettes. Mat\u00e9riel b\u00e9b\u00e9 sur demande.<\/li>\n\n\n\n<li>Transats et barbecue \u00e0 disposition. Table de Ping-pong.<\/li>\n<\/ul>\n<\/div>\n\n\n\n<figure class=\"wp-block-gallery has-nested-images columns-default is-cropped wp-block-gallery-1 is-layout-flex wp-block-gallery-is-layout-flex\">\n<figure class=\"wp-block-image size-large\"><img loading=\"lazy\" decoding=\"async\" width=\"1024\" height=\"712\" data-id=\"155\" src=\"https:\/\/www.lesgitesdewargemont.fr\/wp-content\/uploads\/2024\/12\/Gite-Vue-Cour-Interieure-1-1024x712.jpg\" alt=\"\" class=\"wp-image-155\" srcset=\"https:\/\/www.lesgitesdewargemont.fr\/wp-content\/uploads\/2024\/12\/Gite-Vue-Cour-Interieure-1-1024x712.jpg 1024w, https:\/\/www.lesgitesdewargemont.fr\/wp-content\/uploads\/2024\/12\/Gite-Vue-Cour-Interieure-1-300x208.jpg 300w, https:\/\/www.lesgitesdewargemont.fr\/wp-content\/uploads\/2024\/12\/Gite-Vue-Cour-Interieure-1-768x534.jpg 768w, https:\/\/www.lesgitesdewargemont.fr\/wp-content\/uploads\/2024\/12\/Gite-Vue-Cour-Interieure-1-1536x1067.jpg 1536w, https:\/\/www.lesgitesdewargemont.fr\/wp-content\/uploads\/2024\/12\/Gite-Vue-Cour-Interieure-1.jpg 2048w\" sizes=\"auto, (max-width: 1024px) 100vw, 1024px\" \/><\/figure>\n<\/figure>\n\n\n\n<figure class=\"wp-block-gallery has-nested-images columns-default is-cropped wp-block-gallery-2 is-layout-flex wp-block-gallery-is-layout-flex\">\n<figure class=\"wp-block-image size-large\"><img loading=\"lazy\" decoding=\"async\" width=\"1024\" height=\"768\" data-id=\"154\" src=\"https:\/\/www.lesgitesdewargemont.fr\/wp-content\/uploads\/2024\/12\/Cuisine-Gite-Etable-2-1-1024x768.jpg\" alt=\"\" class=\"wp-image-154\" srcset=\"https:\/\/www.lesgitesdewargemont.fr\/wp-content\/uploads\/2024\/12\/Cuisine-Gite-Etable-2-1-1024x768.jpg 1024w, https:\/\/www.lesgitesdewargemont.fr\/wp-content\/uploads\/2024\/12\/Cuisine-Gite-Etable-2-1-300x225.jpg 300w, https:\/\/www.lesgitesdewargemont.fr\/wp-content\/uploads\/2024\/12\/Cuisine-Gite-Etable-2-1-768x576.jpg 768w, https:\/\/www.lesgitesdewargemont.fr\/wp-content\/uploads\/2024\/12\/Cuisine-Gite-Etable-2-1-1536x1152.jpg 1536w, https:\/\/www.lesgitesdewargemont.fr\/wp-content\/uploads\/2024\/12\/Cuisine-Gite-Etable-2-1.jpg 2048w\" sizes=\"auto, (max-width: 1024px) 100vw, 1024px\" \/><\/figure>\n<\/figure>\n\n\n\n<figure class=\"wp-block-gallery has-nested-images columns-default is-cropped wp-block-gallery-3 is-layout-flex wp-block-gallery-is-layout-flex\">\n<figure class=\"wp-block-image size-large\"><img loading=\"lazy\" decoding=\"async\" width=\"1024\" height=\"768\" data-id=\"190\" src=\"https:\/\/www.lesgitesdewargemont.fr\/wp-content\/uploads\/2024\/12\/Salon-Gite-Etable-2-2-1024x768.jpg\" alt=\"\" class=\"wp-image-190\" srcset=\"https:\/\/www.lesgitesdewargemont.fr\/wp-content\/uploads\/2024\/12\/Salon-Gite-Etable-2-2-1024x768.jpg 1024w, https:\/\/www.lesgitesdewargemont.fr\/wp-content\/uploads\/2024\/12\/Salon-Gite-Etable-2-2-300x225.jpg 300w, https:\/\/www.lesgitesdewargemont.fr\/wp-content\/uploads\/2024\/12\/Salon-Gite-Etable-2-2-768x576.jpg 768w, https:\/\/www.lesgitesdewargemont.fr\/wp-content\/uploads\/2024\/12\/Salon-Gite-Etable-2-2-1536x1152.jpg 1536w, https:\/\/www.lesgitesdewargemont.fr\/wp-content\/uploads\/2024\/12\/Salon-Gite-Etable-2-2.jpg 2048w\" sizes=\"auto, (max-width: 1024px) 100vw, 1024px\" \/><\/figure>\n<\/figure>\n\n\n\n<figure class=\"wp-block-gallery has-nested-images columns-default is-cropped wp-block-gallery-4 is-layout-flex wp-block-gallery-is-layout-flex\">\n<figure class=\"wp-block-image size-large\"><img loading=\"lazy\" decoding=\"async\" width=\"1024\" height=\"768\" data-id=\"157\" src=\"https:\/\/www.lesgitesdewargemont.fr\/wp-content\/uploads\/2024\/12\/Salle-a-manger-1-1024x768.jpg\" alt=\"\" class=\"wp-image-157\" srcset=\"https:\/\/www.lesgitesdewargemont.fr\/wp-content\/uploads\/2024\/12\/Salle-a-manger-1-1024x768.jpg 1024w, https:\/\/www.lesgitesdewargemont.fr\/wp-content\/uploads\/2024\/12\/Salle-a-manger-1-300x225.jpg 300w, https:\/\/www.lesgitesdewargemont.fr\/wp-content\/uploads\/2024\/12\/Salle-a-manger-1-768x576.jpg 768w, https:\/\/www.lesgitesdewargemont.fr\/wp-content\/uploads\/2024\/12\/Salle-a-manger-1-1536x1152.jpg 1536w, https:\/\/www.lesgitesdewargemont.fr\/wp-content\/uploads\/2024\/12\/Salle-a-manger-1-2048x1536.jpg 2048w\" sizes=\"auto, (max-width: 1024px) 100vw, 1024px\" \/><\/figure>\n<\/figure>\n\n\n\n<figure class=\"wp-block-gallery has-nested-images columns-default is-cropped wp-block-gallery-5 is-layout-flex wp-block-gallery-is-layout-flex\">\n<figure class=\"wp-block-image size-large\"><img loading=\"lazy\" decoding=\"async\" width=\"768\" height=\"1024\" data-id=\"122\" src=\"https:\/\/www.lesgitesdewargemont.fr\/wp-content\/uploads\/2024\/12\/Meuble-Salon-1-768x1024.jpg\" alt=\"\" class=\"wp-image-122\" srcset=\"https:\/\/www.lesgitesdewargemont.fr\/wp-content\/uploads\/2024\/12\/Meuble-Salon-1-768x1024.jpg 768w, https:\/\/www.lesgitesdewargemont.fr\/wp-content\/uploads\/2024\/12\/Meuble-Salon-1-225x300.jpg 225w, https:\/\/www.lesgitesdewargemont.fr\/wp-content\/uploads\/2024\/12\/Meuble-Salon-1-1152x1536.jpg 1152w, https:\/\/www.lesgitesdewargemont.fr\/wp-content\/uploads\/2024\/12\/Meuble-Salon-1-1536x2048.jpg 1536w, https:\/\/www.lesgitesdewargemont.fr\/wp-content\/uploads\/2024\/12\/Meuble-Salon-1-scaled.jpg 1920w\" sizes=\"auto, (max-width: 768px) 100vw, 768px\" \/><\/figure>\n<\/figure>\n\n\n\n<figure class=\"wp-block-gallery has-nested-images columns-default is-cropped wp-block-gallery-6 is-layout-flex wp-block-gallery-is-layout-flex\">\n<figure class=\"wp-block-image size-large\"><img loading=\"lazy\" decoding=\"async\" width=\"1024\" height=\"768\" data-id=\"185\" src=\"https:\/\/www.lesgitesdewargemont.fr\/wp-content\/uploads\/2024\/12\/chambre-08-1024x768.jpg\" alt=\"\" class=\"wp-image-185\" srcset=\"https:\/\/www.lesgitesdewargemont.fr\/wp-content\/uploads\/2024\/12\/chambre-08-1024x768.jpg 1024w, https:\/\/www.lesgitesdewargemont.fr\/wp-content\/uploads\/2024\/12\/chambre-08-300x225.jpg 300w, https:\/\/www.lesgitesdewargemont.fr\/wp-content\/uploads\/2024\/12\/chambre-08-768x576.jpg 768w, https:\/\/www.lesgitesdewargemont.fr\/wp-content\/uploads\/2024\/12\/chambre-08-1536x1152.jpg 1536w, https:\/\/www.lesgitesdewargemont.fr\/wp-content\/uploads\/2024\/12\/chambre-08.jpg 2048w\" sizes=\"auto, (max-width: 1024px) 100vw, 1024px\" \/><\/figure>\n<\/figure>\n\n\n\n<figure class=\"wp-block-gallery has-nested-images columns-default is-cropped wp-block-gallery-7 is-layout-flex wp-block-gallery-is-layout-flex\">\n<figure class=\"wp-block-image size-large\"><img loading=\"lazy\" decoding=\"async\" width=\"1024\" height=\"768\" data-id=\"151\" src=\"https:\/\/www.lesgitesdewargemont.fr\/wp-content\/uploads\/2024\/12\/Chambre-P-01-1-1024x768.jpg\" alt=\"\" class=\"wp-image-151\" srcset=\"https:\/\/www.lesgitesdewargemont.fr\/wp-content\/uploads\/2024\/12\/Chambre-P-01-1-1024x768.jpg 1024w, https:\/\/www.lesgitesdewargemont.fr\/wp-content\/uploads\/2024\/12\/Chambre-P-01-1-300x225.jpg 300w, https:\/\/www.lesgitesdewargemont.fr\/wp-content\/uploads\/2024\/12\/Chambre-P-01-1-768x576.jpg 768w, https:\/\/www.lesgitesdewargemont.fr\/wp-content\/uploads\/2024\/12\/Chambre-P-01-1-1536x1152.jpg 1536w, https:\/\/www.lesgitesdewargemont.fr\/wp-content\/uploads\/2024\/12\/Chambre-P-01-1.jpg 2048w\" sizes=\"auto, (max-width: 1024px) 100vw, 1024px\" \/><\/figure>\n<\/figure>\n\n\n\n<figure class=\"wp-block-gallery has-nested-images columns-default is-cropped wp-block-gallery-8 is-layout-flex wp-block-gallery-is-layout-flex\">\n<figure class=\"wp-block-image size-large\"><img loading=\"lazy\" decoding=\"async\" width=\"1024\" height=\"768\" data-id=\"148\" src=\"https:\/\/www.lesgitesdewargemont.fr\/wp-content\/uploads\/2024\/12\/Chambre-E-01-1-1024x768.jpg\" alt=\"\" class=\"wp-image-148\" srcset=\"https:\/\/www.lesgitesdewargemont.fr\/wp-content\/uploads\/2024\/12\/Chambre-E-01-1-1024x768.jpg 1024w, https:\/\/www.lesgitesdewargemont.fr\/wp-content\/uploads\/2024\/12\/Chambre-E-01-1-300x225.jpg 300w, https:\/\/www.lesgitesdewargemont.fr\/wp-content\/uploads\/2024\/12\/Chambre-E-01-1-768x576.jpg 768w, https:\/\/www.lesgitesdewargemont.fr\/wp-content\/uploads\/2024\/12\/Chambre-E-01-1-1536x1152.jpg 1536w, https:\/\/www.lesgitesdewargemont.fr\/wp-content\/uploads\/2024\/12\/Chambre-E-01-1.jpg 2048w\" sizes=\"auto, (max-width: 1024px) 100vw, 1024px\" \/><\/figure>\n<\/figure>\n\n\n\n<figure class=\"wp-block-gallery has-nested-images columns-default is-cropped wp-block-gallery-9 is-layout-flex wp-block-gallery-is-layout-flex\">\n<figure class=\"wp-block-image size-large\"><img loading=\"lazy\" decoding=\"async\" width=\"1024\" height=\"768\" data-id=\"140\" src=\"https:\/\/www.lesgitesdewargemont.fr\/wp-content\/uploads\/2024\/12\/Salle-de-Bain-5-1024x768.jpg\" alt=\"\" class=\"wp-image-140\" srcset=\"https:\/\/www.lesgitesdewargemont.fr\/wp-content\/uploads\/2024\/12\/Salle-de-Bain-5-1024x768.jpg 1024w, https:\/\/www.lesgitesdewargemont.fr\/wp-content\/uploads\/2024\/12\/Salle-de-Bain-5-300x225.jpg 300w, https:\/\/www.lesgitesdewargemont.fr\/wp-content\/uploads\/2024\/12\/Salle-de-Bain-5-768x576.jpg 768w, https:\/\/www.lesgitesdewargemont.fr\/wp-content\/uploads\/2024\/12\/Salle-de-Bain-5-1536x1152.jpg 1536w, https:\/\/www.lesgitesdewargemont.fr\/wp-content\/uploads\/2024\/12\/Salle-de-Bain-5.jpg 2048w\" sizes=\"auto, (max-width: 1024px) 100vw, 1024px\" \/><\/figure>\n<\/figure>\n\n\n\n<figure class=\"wp-block-gallery has-nested-images columns-default is-cropped wp-block-gallery-10 is-layout-flex wp-block-gallery-is-layout-flex\">\n<figure class=\"wp-block-image size-large\"><img loading=\"lazy\" decoding=\"async\" width=\"768\" height=\"1024\" data-id=\"49\" src=\"https:\/\/www.lesgitesdewargemont.fr\/wp-content\/uploads\/2024\/10\/Salle-de-Bain-3-768x1024.jpg\" alt=\"\" class=\"wp-image-49\" srcset=\"https:\/\/www.lesgitesdewargemont.fr\/wp-content\/uploads\/2024\/10\/Salle-de-Bain-3-768x1024.jpg 768w, https:\/\/www.lesgitesdewargemont.fr\/wp-content\/uploads\/2024\/10\/Salle-de-Bain-3-225x300.jpg 225w, https:\/\/www.lesgitesdewargemont.fr\/wp-content\/uploads\/2024\/10\/Salle-de-Bain-3-1152x1536.jpg 1152w, https:\/\/www.lesgitesdewargemont.fr\/wp-content\/uploads\/2024\/10\/Salle-de-Bain-3-1536x2048.jpg 1536w, https:\/\/www.lesgitesdewargemont.fr\/wp-content\/uploads\/2024\/10\/Salle-de-Bain-3-scaled.jpg 1920w\" sizes=\"auto, (max-width: 768px) 100vw, 768px\" \/><\/figure>\n<\/figure>\n\n\n\n<figure class=\"wp-block-gallery has-nested-images columns-default is-cropped wp-block-gallery-11 is-layout-flex wp-block-gallery-is-layout-flex\">\n<figure class=\"wp-block-image size-large\"><img loading=\"lazy\" decoding=\"async\" width=\"1024\" height=\"768\" data-id=\"47\" src=\"https:\/\/www.lesgitesdewargemont.fr\/wp-content\/uploads\/2024\/10\/Salle-de-Bain-1-1024x768.jpg\" alt=\"\" class=\"wp-image-47\" srcset=\"https:\/\/www.lesgitesdewargemont.fr\/wp-content\/uploads\/2024\/10\/Salle-de-Bain-1-1024x768.jpg 1024w, https:\/\/www.lesgitesdewargemont.fr\/wp-content\/uploads\/2024\/10\/Salle-de-Bain-1-300x225.jpg 300w, https:\/\/www.lesgitesdewargemont.fr\/wp-content\/uploads\/2024\/10\/Salle-de-Bain-1-768x576.jpg 768w, https:\/\/www.lesgitesdewargemont.fr\/wp-content\/uploads\/2024\/10\/Salle-de-Bain-1-1536x1152.jpg 1536w, https:\/\/www.lesgitesdewargemont.fr\/wp-content\/uploads\/2024\/10\/Salle-de-Bain-1.jpg 2048w\" sizes=\"auto, (max-width: 1024px) 100vw, 1024px\" \/><\/figure>\n<\/figure>\n\n\n\n<figure class=\"wp-block-gallery has-nested-images columns-default is-cropped wp-block-gallery-12 is-layout-flex wp-block-gallery-is-layout-flex\">\n<figure class=\"wp-block-image size-large\"><img loading=\"lazy\" decoding=\"async\" width=\"768\" height=\"1024\" data-id=\"48\" src=\"https:\/\/www.lesgitesdewargemont.fr\/wp-content\/uploads\/2024\/10\/Salle-de-Bain-2-768x1024.jpg\" alt=\"\" class=\"wp-image-48\" srcset=\"https:\/\/www.lesgitesdewargemont.fr\/wp-content\/uploads\/2024\/10\/Salle-de-Bain-2-768x1024.jpg 768w, https:\/\/www.lesgitesdewargemont.fr\/wp-content\/uploads\/2024\/10\/Salle-de-Bain-2-225x300.jpg 225w, https:\/\/www.lesgitesdewargemont.fr\/wp-content\/uploads\/2024\/10\/Salle-de-Bain-2-1152x1536.jpg 1152w, https:\/\/www.lesgitesdewargemont.fr\/wp-content\/uploads\/2024\/10\/Salle-de-Bain-2-1536x2048.jpg 1536w, https:\/\/www.lesgitesdewargemont.fr\/wp-content\/uploads\/2024\/10\/Salle-de-Bain-2-scaled.jpg 1920w\" sizes=\"auto, (max-width: 768px) 100vw, 768px\" \/><\/figure>\n<\/figure>\n\n\n\n<figure class=\"wp-block-gallery has-nested-images columns-default is-cropped wp-block-gallery-13 is-layout-flex wp-block-gallery-is-layout-flex\">\n<figure class=\"wp-block-image size-large\"><img loading=\"lazy\" decoding=\"async\" width=\"1024\" height=\"768\" data-id=\"46\" src=\"https:\/\/www.lesgitesdewargemont.fr\/wp-content\/uploads\/2024\/10\/Pallier-1024x768.jpg\" alt=\"\" class=\"wp-image-46\" srcset=\"https:\/\/www.lesgitesdewargemont.fr\/wp-content\/uploads\/2024\/10\/Pallier-1024x768.jpg 1024w, https:\/\/www.lesgitesdewargemont.fr\/wp-content\/uploads\/2024\/10\/Pallier-300x225.jpg 300w, https:\/\/www.lesgitesdewargemont.fr\/wp-content\/uploads\/2024\/10\/Pallier-768x576.jpg 768w, https:\/\/www.lesgitesdewargemont.fr\/wp-content\/uploads\/2024\/10\/Pallier-1536x1152.jpg 1536w, https:\/\/www.lesgitesdewargemont.fr\/wp-content\/uploads\/2024\/10\/Pallier.jpg 2048w\" sizes=\"auto, (max-width: 1024px) 100vw, 1024px\" \/><\/figure>\n<\/figure>\n\n\n\n<figure class=\"wp-block-gallery has-nested-images columns-default is-cropped wp-block-gallery-14 is-layout-flex wp-block-gallery-is-layout-flex\">\n<figure class=\"wp-block-image size-large\"><img loading=\"lazy\" decoding=\"async\" width=\"1024\" height=\"768\" data-id=\"191\" src=\"https:\/\/www.lesgitesdewargemont.fr\/wp-content\/uploads\/2024\/12\/bureau1-1024x768.jpg\" alt=\"\" class=\"wp-image-191\" srcset=\"https:\/\/www.lesgitesdewargemont.fr\/wp-content\/uploads\/2024\/12\/bureau1-1024x768.jpg 1024w, https:\/\/www.lesgitesdewargemont.fr\/wp-content\/uploads\/2024\/12\/bureau1-300x225.jpg 300w, https:\/\/www.lesgitesdewargemont.fr\/wp-content\/uploads\/2024\/12\/bureau1-768x576.jpg 768w, https:\/\/www.lesgitesdewargemont.fr\/wp-content\/uploads\/2024\/12\/bureau1-1536x1152.jpg 1536w, https:\/\/www.lesgitesdewargemont.fr\/wp-content\/uploads\/2024\/12\/bureau1.jpg 2048w\" sizes=\"auto, (max-width: 1024px) 100vw, 1024px\" \/><\/figure>\n<\/figure>\n\n\n\n<figure class=\"wp-block-gallery has-nested-images columns-default is-cropped wp-block-gallery-15 is-layout-flex wp-block-gallery-is-layout-flex\">\n<figure class=\"wp-block-image size-large\"><img loading=\"lazy\" decoding=\"async\" width=\"1024\" height=\"768\" data-id=\"166\" src=\"https:\/\/www.lesgitesdewargemont.fr\/wp-content\/uploads\/2024\/12\/Entree-Parc-2-1024x768.jpg\" alt=\"\" class=\"wp-image-166\" srcset=\"https:\/\/www.lesgitesdewargemont.fr\/wp-content\/uploads\/2024\/12\/Entree-Parc-2-1024x768.jpg 1024w, https:\/\/www.lesgitesdewargemont.fr\/wp-content\/uploads\/2024\/12\/Entree-Parc-2-300x225.jpg 300w, https:\/\/www.lesgitesdewargemont.fr\/wp-content\/uploads\/2024\/12\/Entree-Parc-2-768x576.jpg 768w, https:\/\/www.lesgitesdewargemont.fr\/wp-content\/uploads\/2024\/12\/Entree-Parc-2-1536x1152.jpg 1536w, https:\/\/www.lesgitesdewargemont.fr\/wp-content\/uploads\/2024\/12\/Entree-Parc-2.jpg 2042w\" sizes=\"auto, (max-width: 1024px) 100vw, 1024px\" \/><\/figure>\n<\/figure>\n\n\n\n<p><\/p>\n","protected":false},"excerpt":{"rendered":"<p>Les g\u00eetes de Wargemont sont situ\u00e9s dans une ancienne ferme du Ch\u00e2teau datant du 18e si\u00e8cle dans un cadre charmant, au c\u0153ur d&rsquo;un clos masure typique de la Normandie.Laisser vous tenter par une exp\u00e9rience dans ce magnifique lieu entour\u00e9 de vergers, de h\u00eatres et ch\u00eanes centenaires. Vous pourrez croiser les animaux des propri\u00e9taires (moutons, ch\u00e8vres, [&hellip;]<\/p>\n","protected":false},"author":2,"featured_media":0,"parent":0,"menu_order":2,"comment_status":"closed","ping_status":"closed","template":"","meta":{"_themeisle_gutenberg_block_has_review":false,"footnotes":""},"class_list":["post-60","page","type-page","status-publish","hentry"],"_links":{"self":[{"href":"https:\/\/www.lesgitesdewargemont.fr\/index.php\/wp-json\/wp\/v2\/pages\/60","targetHints":{"allow":["GET"]}}],"collection":[{"href":"https:\/\/www.lesgitesdewargemont.fr\/index.php\/wp-json\/wp\/v2\/pages"}],"about":[{"href":"https:\/\/www.lesgitesdewargemont.fr\/index.php\/wp-json\/wp\/v2\/types\/page"}],"author":[{"embeddable":true,"href":"https:\/\/www.lesgitesdewargemont.fr\/index.php\/wp-json\/wp\/v2\/users\/2"}],"replies":[{"embeddable":true,"href":"https:\/\/www.lesgitesdewargemont.fr\/index.php\/wp-json\/wp\/v2\/comments?post=60"}],"version-history":[{"count":11,"href":"https:\/\/www.lesgitesdewargemont.fr\/index.php\/wp-json\/wp\/v2\/pages\/60\/revisions"}],"predecessor-version":[{"id":281,"href":"https:\/\/www.lesgitesdewargemont.fr\/index.php\/wp-json\/wp\/v2\/pages\/60\/revisions\/281"}],"wp:attachment":[{"href":"https:\/\/www.lesgitesdewargemont.fr\/index.php\/wp-json\/wp\/v2\/media?parent=60"}],"curies":[{"name":"wp","href":"https:\/\/api.w.org\/{rel}","templated":true}]}}